{"id":4573,"date":"2025-01-22T09:38:23","date_gmt":"2025-01-22T12:38:23","guid":{"rendered":"https:\/\/lpfparana.com.ar\/inicio\/?page_id=4573"},"modified":"2026-03-19T09:56:40","modified_gmt":"2026-03-19T12:56:40","slug":"tribunal-de-disciplina-copa-tunel-subfluvial-2025","status":"publish","type":"page","link":"https:\/\/lpfparana.com.ar\/inicio\/tribunal-de-disciplina-copa-tunel-subfluvial-2025\/","title":{"rendered":"Tribunal de Disciplina Copa Tunel Subfluvial 2025"},"content":{"rendered":"\n<div class=\"wp-block-group\"><div class=\"wp-block-group__inner-container is-layout-constrained wp-block-group-is-layout-constrained\">\n<p><a href=\"https:\/\/lpfparana.com.ar\/inicio\/wp-content\/uploads\/2025\/01\/Boletin-N-1-Copa-Tunel.pdf\">Bolet\u00edn N\u00famero 1<br><\/a><a href=\"https:\/\/lpfparana.com.ar\/inicio\/wp-content\/uploads\/2025\/01\/Boletin-N-2-Copa-Tunel.pdf\">Bolet\u00edn N\u00famero 2<br><\/a><a href=\"https:\/\/lpfparana.com.ar\/inicio\/wp-content\/uploads\/2025\/02\/Boletin-N-3-Copa-Tunel.pdf\">Bolet\u00edn N\u00famero 3<br><\/a><a href=\"https:\/\/lpfparana.com.ar\/inicio\/wp-content\/uploads\/2025\/02\/Boletin-N-5-Copa-Tunel.pdf\">Bolet\u00edn N\u00famero 4<br><\/a><a href=\"https:\/\/lpfparana.com.ar\/inicio\/wp-content\/uploads\/2025\/02\/Anexo-Boletin-N-5-Copa-Tunel.pdf\">Bolet\u00edn N\u00famero 5<br><\/a><a href=\"https:\/\/lpfparana.com.ar\/inicio\/wp-content\/uploads\/2025\/02\/Anexo-Boletin-N-5-Copa-Tunel-1.pdf\">Bolet\u00edn N\u00famero 5 Anexo<\/a><br><a href=\"https:\/\/lpfparana.com.ar\/inicio\/wp-content\/uploads\/2025\/03\/Boletin-N-6-Copa-Tunel.pdf\">Bolet\u00edn N\u00famero 6 <\/a><\/p>\n\n\n\n<p><a href=\"https:\/\/lpfparana.com.ar\/inicio\/wp-content\/uploads\/2025\/02\/Anexo-Boletin-N-5-Copa-Tunel-1.pdf\"><br><\/a><\/p>\n\n\n\n<p><\/p>\n\n\n\n<p><\/p>\n<\/div><\/div>\n\n\n\n<p><\/p>\n","protected":false},"excerpt":{"rendered":"<p>Bolet\u00edn N\u00famero 1Bolet\u00edn N\u00famero 2Bolet\u00edn N\u00famero 3Bolet\u00edn N\u00famero 4Bolet\u00edn N\u00famero 5Bolet\u00edn N\u00famero 5 AnexoBolet\u00edn N\u00famero 6<\/p>\n","protected":false},"author":3,"featured_media":0,"parent":0,"menu_order":0,"comment_status":"closed","ping_status":"closed","template":"","meta":{"footnotes":""},"class_list":["post-4573","page","type-page","status-publish","hentry"],"featured_image_src":null,"yoast_head":"<!-- This site is optimized with the Yoast SEO Premium plugin v23.3 (Yoast SEO v27.2) - https:\/\/yoast.com\/product\/yoast-seo-premium-wordpress\/ -->\n<title>Tribunal de Disciplina Copa Tunel Subfluvial 2025 -<\/title>\n<meta name=\"robots\" content=\"index, follow, max-snippet:-1, max-image-preview:large, max-video-preview:-1\" \/>\n<link rel=\"canonical\" href=\"https:\/\/lpfparana.com.ar\/inicio\/tribunal-de-disciplina-copa-tunel-subfluvial-2025\/\" \/>\n<meta property=\"og:locale\" content=\"es_ES\" \/>\n<meta property=\"og:type\" content=\"article\" \/>\n<meta property=\"og:title\" content=\"Tribunal de Disciplina Copa Tunel Subfluvial 2025\" \/>\n<meta property=\"og:description\" content=\"Bolet\u00edn N\u00famero 1Bolet\u00edn N\u00famero 2Bolet\u00edn N\u00famero 3Bolet\u00edn N\u00famero 4Bolet\u00edn N\u00famero 5Bolet\u00edn N\u00famero 5 AnexoBolet\u00edn N\u00famero 6\" \/>\n<meta property=\"og:url\" content=\"https:\/\/lpfparana.com.ar\/inicio\/tribunal-de-disciplina-copa-tunel-subfluvial-2025\/\" \/>\n<meta property=\"article:modified_time\" content=\"2026-03-19T12:56:40+00:00\" \/>\n<meta name=\"twitter:card\" content=\"summary_large_image\" \/>\n<meta name=\"twitter:label1\" content=\"Tiempo de lectura\" \/>\n\t<meta name=\"twitter:data1\" content=\"1 minuto\" \/>\n<script type=\"application\/ld+json\" class=\"yoast-schema-graph\">{\"@context\":\"https:\/\/schema.org\",\"@graph\":[{\"@type\":\"WebPage\",\"@id\":\"https:\/\/lpfparana.com.ar\/inicio\/tribunal-de-disciplina-copa-tunel-subfluvial-2025\/\",\"url\":\"https:\/\/lpfparana.com.ar\/inicio\/tribunal-de-disciplina-copa-tunel-subfluvial-2025\/\",\"name\":\"Tribunal de Disciplina Copa Tunel Subfluvial 2025 -\",\"isPartOf\":{\"@id\":\"https:\/\/lpfparana.com.ar\/inicio\/#website\"},\"datePublished\":\"2025-01-22T12:38:23+00:00\",\"dateModified\":\"2026-03-19T12:56:40+00:00\",\"breadcrumb\":{\"@id\":\"https:\/\/lpfparana.com.ar\/inicio\/tribunal-de-disciplina-copa-tunel-subfluvial-2025\/#breadcrumb\"},\"inLanguage\":\"es\",\"potentialAction\":[{\"@type\":\"ReadAction\",\"target\":[\"https:\/\/lpfparana.com.ar\/inicio\/tribunal-de-disciplina-copa-tunel-subfluvial-2025\/\"]}]},{\"@type\":\"BreadcrumbList\",\"@id\":\"https:\/\/lpfparana.com.ar\/inicio\/tribunal-de-disciplina-copa-tunel-subfluvial-2025\/#breadcrumb\",\"itemListElement\":[{\"@type\":\"ListItem\",\"position\":1,\"name\":\"Portada\",\"item\":\"https:\/\/lpfparana.com.ar\/inicio\/\"},{\"@type\":\"ListItem\",\"position\":2,\"name\":\"Tribunal de Disciplina Copa Tunel Subfluvial 2025\"}]},{\"@type\":\"WebSite\",\"@id\":\"https:\/\/lpfparana.com.ar\/inicio\/#website\",\"url\":\"https:\/\/lpfparana.com.ar\/inicio\/\",\"name\":\"\",\"description\":\"LPF Paran\u00e1\",\"potentialAction\":[{\"@type\":\"SearchAction\",\"target\":{\"@type\":\"EntryPoint\",\"urlTemplate\":\"https:\/\/lpfparana.com.ar\/inicio\/?s={search_term_string}\"},\"query-input\":{\"@type\":\"PropertyValueSpecification\",\"valueRequired\":true,\"valueName\":\"search_term_string\"}}],\"inLanguage\":\"es\"}]}<\/script>\n<!-- \/ Yoast SEO Premium plugin. -->","yoast_head_json":{"title":"Tribunal de Disciplina Copa Tunel Subfluvial 2025 -","robots":{"index":"index","follow":"follow","max-snippet":"max-snippet:-1","max-image-preview":"max-image-preview:large","max-video-preview":"max-video-preview:-1"},"canonical":"https:\/\/lpfparana.com.ar\/inicio\/tribunal-de-disciplina-copa-tunel-subfluvial-2025\/","og_locale":"es_ES","og_type":"article","og_title":"Tribunal de Disciplina Copa Tunel Subfluvial 2025","og_description":"Bolet\u00edn N\u00famero 1Bolet\u00edn N\u00famero 2Bolet\u00edn N\u00famero 3Bolet\u00edn N\u00famero 4Bolet\u00edn N\u00famero 5Bolet\u00edn N\u00famero 5 AnexoBolet\u00edn N\u00famero 6","og_url":"https:\/\/lpfparana.com.ar\/inicio\/tribunal-de-disciplina-copa-tunel-subfluvial-2025\/","article_modified_time":"2026-03-19T12:56:40+00:00","twitter_card":"summary_large_image","twitter_misc":{"Tiempo de lectura":"1 minuto"},"schema":{"@context":"https:\/\/schema.org","@graph":[{"@type":"WebPage","@id":"https:\/\/lpfparana.com.ar\/inicio\/tribunal-de-disciplina-copa-tunel-subfluvial-2025\/","url":"https:\/\/lpfparana.com.ar\/inicio\/tribunal-de-disciplina-copa-tunel-subfluvial-2025\/","name":"Tribunal de Disciplina Copa Tunel Subfluvial 2025 -","isPartOf":{"@id":"https:\/\/lpfparana.com.ar\/inicio\/#website"},"datePublished":"2025-01-22T12:38:23+00:00","dateModified":"2026-03-19T12:56:40+00:00","breadcrumb":{"@id":"https:\/\/lpfparana.com.ar\/inicio\/tribunal-de-disciplina-copa-tunel-subfluvial-2025\/#breadcrumb"},"inLanguage":"es","potentialAction":[{"@type":"ReadAction","target":["https:\/\/lpfparana.com.ar\/inicio\/tribunal-de-disciplina-copa-tunel-subfluvial-2025\/"]}]},{"@type":"BreadcrumbList","@id":"https:\/\/lpfparana.com.ar\/inicio\/tribunal-de-disciplina-copa-tunel-subfluvial-2025\/#breadcrumb","itemListElement":[{"@type":"ListItem","position":1,"name":"Portada","item":"https:\/\/lpfparana.com.ar\/inicio\/"},{"@type":"ListItem","position":2,"name":"Tribunal de Disciplina Copa Tunel Subfluvial 2025"}]},{"@type":"WebSite","@id":"https:\/\/lpfparana.com.ar\/inicio\/#website","url":"https:\/\/lpfparana.com.ar\/inicio\/","name":"","description":"LPF Paran\u00e1","potentialAction":[{"@type":"SearchAction","target":{"@type":"EntryPoint","urlTemplate":"https:\/\/lpfparana.com.ar\/inicio\/?s={search_term_string}"},"query-input":{"@type":"PropertyValueSpecification","valueRequired":true,"valueName":"search_term_string"}}],"inLanguage":"es"}]}},"_links":{"self":[{"href":"https:\/\/lpfparana.com.ar\/inicio\/wp-json\/wp\/v2\/pages\/4573","targetHints":{"allow":["GET"]}}],"collection":[{"href":"https:\/\/lpfparana.com.ar\/inicio\/wp-json\/wp\/v2\/pages"}],"about":[{"href":"https:\/\/lpfparana.com.ar\/inicio\/wp-json\/wp\/v2\/types\/page"}],"author":[{"embeddable":true,"href":"https:\/\/lpfparana.com.ar\/inicio\/wp-json\/wp\/v2\/users\/3"}],"replies":[{"embeddable":true,"href":"https:\/\/lpfparana.com.ar\/inicio\/wp-json\/wp\/v2\/comments?post=4573"}],"version-history":[{"count":15,"href":"https:\/\/lpfparana.com.ar\/inicio\/wp-json\/wp\/v2\/pages\/4573\/revisions"}],"predecessor-version":[{"id":5841,"href":"https:\/\/lpfparana.com.ar\/inicio\/wp-json\/wp\/v2\/pages\/4573\/revisions\/5841"}],"wp:attachment":[{"href":"https:\/\/lpfparana.com.ar\/inicio\/wp-json\/wp\/v2\/media?parent=4573"}],"curies":[{"name":"wp","href":"https:\/\/api.w.org\/{rel}","templated":true}]}}