{"id":4374,"date":"2025-01-04T10:53:24","date_gmt":"2025-01-04T13:53:24","guid":{"rendered":"https:\/\/lpfparana.com.ar\/inicio\/?page_id=4374"},"modified":"2025-03-25T17:40:26","modified_gmt":"2025-03-25T20:40:26","slug":"acreditacion-de-prensa","status":"publish","type":"page","link":"https:\/\/lpfparana.com.ar\/inicio\/acreditacion-de-prensa\/","title":{"rendered":"Acreditaci\u00f3n de Prensa"},"content":{"rendered":"\t\t<div data-elementor-type=\"wp-page\" data-elementor-id=\"4374\" class=\"elementor elementor-4374\" data-elementor-post-type=\"page\">\n\t\t\t\t<div data-particle_enable=\"false\" data-particle-mobile-disabled=\"false\" class=\"elementor-element elementor-element-47f43de e-flex e-con-boxed e-con e-parent\" data-id=\"47f43de\" data-element_type=\"container\" data-e-type=\"container\">\n\t\t\t\t\t<div class=\"e-con-inner\">\n\t\t\t\t<div class=\"elementor-element elementor-element-9eeb2af elementor-widget elementor-widget-image\" data-id=\"9eeb2af\" data-element_type=\"widget\" data-e-type=\"widget\" data-widget_type=\"image.default\">\n\t\t\t\t<div class=\"elementor-widget-container\">\n\t\t\t\t\t\t\t\t\t\t\t\t\t\t\t<img decoding=\"async\" width=\"300\" height=\"150\" src=\"https:\/\/lpfparana.com.ar\/inicio\/wp-content\/uploads\/2025\/03\/LOGO-LPF-NEGRO-03-300x150.png\" class=\"attachment-medium size-medium wp-image-4933\" alt=\"\" srcset=\"https:\/\/lpfparana.com.ar\/inicio\/wp-content\/uploads\/2025\/03\/LOGO-LPF-NEGRO-03-300x150.png 300w, https:\/\/lpfparana.com.ar\/inicio\/wp-content\/uploads\/2025\/03\/LOGO-LPF-NEGRO-03.png 500w\" sizes=\"(max-width: 300px) 100vw, 300px\" \/>\t\t\t\t\t\t\t\t\t\t\t\t\t\t\t<\/div>\n\t\t\t\t<\/div>\n\t\t\t\t<div class=\"elementor-element elementor-element-df6f00e elementor-widget elementor-widget-text-editor\" data-id=\"df6f00e\" data-element_type=\"widget\" data-e-type=\"widget\" data-widget_type=\"text-editor.default\">\n\t\t\t\t<div class=\"elementor-widget-container\">\n\t\t\t\t\t\t\t\t\t<p><strong>Apertura de Acreditaciones de Prensa<\/strong><\/p><p>Informamos a todos los medios de comunicaci\u00f3n que ya est\u00e1n abiertas las acreditaciones para la cobertura de la <strong>Copa de la Liga &#8211; 2025<\/strong>.<\/p><p><strong>Per\u00edodo de acreditaci\u00f3n:<\/strong><br \/>Desde el <strong>25 de marzo<\/strong> hasta el 14<strong> de abril a las 12:00 hs<\/strong> (sin excepciones).<\/p><p><strong>\u00bfQui\u00e9nes pueden acreditarse?<\/strong><br \/>Podr\u00e1n acreditarse todos los periodistas o personas que realicen labores de prensa, siempre que est\u00e9n vinculados a un medio de comunicaci\u00f3n o entidad relevante en el \u00e1mbito.<\/p><p><strong>Condiciones:<\/strong><br \/>Es importante destacar que la pre-acreditaci\u00f3n no garantiza la aprobaci\u00f3n de la misma. La confirmaci\u00f3n ser\u00e1 evaluada y comunicada posteriormente por la organizaci\u00f3n.<\/p><p><strong>Distribuci\u00f3n por partido:<\/strong><br \/>Para garantizar un desarrollo ordenado, se permitir\u00e1 el ingreso de la siguiente cantidad de personas por medio:<\/p><ul><li><strong>Medios gr\u00e1ficos:<\/strong> 1 persona.<\/li><li><strong>Medios radiales:<\/strong>\u00a04 personas.<\/li><li><strong>Redes sociales:<\/strong> 1 persona.<\/li><li><strong>Prensa de clubes:<\/strong> 1 persona.<\/li><li><strong>Medios de TV:<\/strong> 2 personas (<em>no podr\u00e1n realizar transmisiones en vivo durante el evento<\/em>).<\/li><li><strong>Streaming:<\/strong> 3 personas.<\/li><\/ul><p>\u00a0<\/p><p>\u26a0\ufe0f <strong>Nota importante:<\/strong> La organizaci\u00f3n se reserva los derechos de televisaci\u00f3n del torneo.<\/p><p><strong>Reporteros Gr\u00e1ficos de ARGRA:<\/strong><br \/>Los miembros de la Asociaci\u00f3n de Reporteros Gr\u00e1ficos de la Rep\u00fablica Argentina (ARGRA) no deber\u00e1n acreditarse para la presente temporada, pudiendo ingresar a los diferentes estadios con sus respectivas credenciales o los chalecos rojos que los identifican.<\/p><p>Complete el formulario disponible en este sitio web dentro del plazo establecido.<\/p><p>\u00a1Los esperamos para formar parte de este evento \u00fanico!<\/p>\t\t\t\t\t\t\t\t<\/div>\n\t\t\t\t<\/div>\n\t\t\t\t<div class=\"elementor-element elementor-element-5a6b77f elementor-widget elementor-widget-heading\" data-id=\"5a6b77f\" data-element_type=\"widget\" data-e-type=\"widget\" data-widget_type=\"heading.default\">\n\t\t\t\t<div class=\"elementor-widget-container\">\n\t\t\t\t\t<h2 class=\"elementor-heading-title elementor-size-default\">\n<div class=\"wpcf7 no-js\" id=\"wpcf7-f4929-o1\" lang=\"es-ES\" dir=\"ltr\" data-wpcf7-id=\"4929\">\n<div class=\"screen-reader-response\"><p role=\"status\" aria-live=\"polite\" aria-atomic=\"true\"><\/p> <ul><\/ul><\/div>\n<form action=\"\/inicio\/wp-json\/wp\/v2\/pages\/4374#wpcf7-f4929-o1\" method=\"post\" class=\"wpcf7-form init\" aria-label=\"Formulario de contacto\" enctype=\"multipart\/form-data\" novalidate=\"novalidate\" data-status=\"init\">\n<fieldset class=\"hidden-fields-container\"><input type=\"hidden\" name=\"_wpcf7\" value=\"4929\" \/><input type=\"hidden\" name=\"_wpcf7_version\" value=\"6.1.5\" \/><input type=\"hidden\" name=\"_wpcf7_locale\" value=\"es_ES\" \/><input type=\"hidden\" name=\"_wpcf7_unit_tag\" value=\"wpcf7-f4929-o1\" \/><input type=\"hidden\" name=\"_wpcf7_container_post\" value=\"0\" \/><input type=\"hidden\" name=\"_wpcf7_posted_data_hash\" value=\"\" \/>\n<\/fieldset>\n<p><!DOCTYPE html>\n<\/p>\n<html lang=\"es\">\n\t<head>\n <meta charset=\"UTF-8\" \/>\n <meta name=\"viewport\" content=\"width=device-width, initial-scale=1.0\" \/>\n\t\t<title>Acreditaci\u00f3n de Prensa\n\t\t<\/title>\n <script>\n function actualizarCantidad() {\n const tipoMedio = document.getElementById('tipoMedio').value;\n const cantidadPersonas = document.getElementById('cantidadPersonas');\n let cantidad = 0;\n\n switch (tipoMedio) {\n case 'medio_grafico':\n cantidad = 1;\n break;\n case 'radio':\n cantidad = 4;\n break;\n case 'redes_sociales':\n cantidad = 1;\n break;\n case 'prensa_club':\n cantidad = 1;\n break;\n case 'tv':\n cantidad = 2;\n break;\n case 'streaming':\n cantidad = 3;\n break;\n default:\n cantidad = 0;\n }\n\n cantidadPersonas.value = cantidad;\n generarCamposAdicionales(cantidad);\n }\n\n function generarCamposAdicionales(cantidad) {\n const container = document.getElementById('camposAdicionales');\n container.innerHTML = ''; \/\/ Limpiar campos previos\n\n for (let i = 1; i <= cantidad; i++) {\n const fieldset = document.createElement('fieldset');\n fieldset.innerHTML = `\n\t\t\t<legend>Persona ${i}\n\t\t\t<\/legend>\n \n <label for=\"nombre${i}\">Nombre y Apellido:<\/label>\n\n <input type=\"text\" id=\"nombre${i}\" name=\"nombre${i}\" required \/>\n\n\n \n <label for=\"dni${i}\">DNI:<\/label>\n\n <input type=\"text\" id=\"dni${i}\" name=\"dni${i}\" required \/>\n\n\n \n <label for=\"programa${i}\">Nombre del programa:<\/label>\n\n <input type=\"text\" id=\"programa${i}\" name=\"programa${i}\" required \/>\n\n\n \n <label for=\"medio${i}\">Medio al que pertenece:<\/label>\n\n <input type=\"text\" id=\"medio${i}\" name=\"medio${i}\" required \/>\n\n\n `;\n container.appendChild(fieldset);\n }\n }\n\n \/\/ Mostrar el mensaje de agradecimiento\n function mostrarMensajeEnviado() {\n const mensaje = document.createElement('p');\n mensaje.textContent = \"\u00a1Mensaje enviado correctamente! Gracias por tu acreditaci\u00f3n.\";\n mensaje.style.color = 'green';\n mensaje.style.fontSize = '18px';\n mensaje.style.fontWeight = 'bold';\n document.body.appendChild(mensaje);\n }\n <\/script>\n\t<\/head>\n\t<body>\n\t\t<h1>Acreditaci\u00f3n de Prensa\n\t\t<\/h1>\n\t\t<form id=\"formAcreditacion\" method=\"POST\" enctype=\"multipart\/form-data\" action=\"\/wp-admin\/admin-post.php\" onsubmit=\"mostrarMensajeEnviado()\">\n\t\t\t<p><label for=\"tipoMedio\">Tipo de medio:<\/label>\n\t\t\t<\/p>\n\t\t\t<p><select id=\"tipoMedio\" name=\"tipoMedio\" onchange=\"actualizarCantidad()\" required>\n <option value=\"\">Seleccione una opci\u00f3n<\/option>\n <option value=\"medio_grafico\">Medio Gr\u00e1fico<\/option>\n <option value=\"radio\">Radio<\/option>\n <option value=\"redes_sociales\">Redes Sociales<\/option>\n <option value=\"prensa_club\">Prensa de Club<\/option>\n <option value=\"tv\">TV<\/option>\n <option value=\"streaming\">Streaming<\/option>\n <\/select>\n\t\t\t<\/p>\n\t\t\t<p><label for=\"cantidadPersonas\">Cantidad de personas:<\/label>\n\t\t\t<\/p>\n\t\t\t<p><input type=\"number\" id=\"cantidadPersonas\" name=\"cantidadPersonas\" readonly \/>\n\t\t\t<\/p>\n\t\t\t<div id=\"camposAdicionales\">\n\t\t\t<\/div>\n\t\t\t<p><label for=\"telefono\">N\u00famero de Tel\u00e9fono:<\/label>\n\t\t\t<\/p>\n\t\t\t<p><input type=\"tel\" id=\"telefono\" name=\"telefono\" required \/>\n\t\t\t<\/p>\n\t\t\t<p><label for=\"email\">Correo Electr\u00f3nico:<\/label>\n\t\t\t<\/p>\n\t\t\t<p><input type=\"email\" id=\"email\" name=\"email\" required \/>\n\t\t\t<\/p>\n\t\t\t<p><label for=\"archivo\">Cargar autorizaci\u00f3n del responsable del medio con firma y hoja membretada: (.JPG)<\/label>\n\t\t\t<\/p>\n\t\t\t<p><span class=\"wpcf7-form-control-wrap\" data-name=\"file-583\"><input size=\"40\" class=\"wpcf7-form-control wpcf7-file wpcf7-validates-as-required\" accept=\"audio\/*,video\/*,image\/*\" aria-required=\"true\" aria-invalid=\"false\" type=\"file\" name=\"file-583\" \/><\/span>\n\t\t\t<\/p>\n\t\t\t<p><input class=\"wpcf7-form-control wpcf7-submit has-spinner Enviar\" type=\"submit\" value=\"Enviar\" \/>\n\t\t\t<\/p>\n\t\t<\/form>\n\t<\/body>\n<\/html><input type='hidden' class='wpcf7-pum' value='{\"closepopup\":false,\"closedelay\":0,\"openpopup\":false,\"openpopup_id\":0}' \/><div class=\"wpcf7-response-output\" aria-hidden=\"true\"><\/div>\n<\/form>\n<\/div>\n<\/h2>\t\t\t\t<\/div>\n\t\t\t\t<\/div>\n\t\t\t\t\t<\/div>\n\t\t\t\t<\/div>\n\t\t\t\t<\/div>\n\t\t","protected":false},"excerpt":{"rendered":"<p>Apertura de Acreditaciones de Prensa Informamos a todos los medios de comunicaci\u00f3n que ya est\u00e1n abiertas las acreditaciones para la cobertura de la Copa de la Liga &#8211; 2025. Per\u00edodo de acreditaci\u00f3n:Desde el 25 de marzo hasta el 14 de abril a las 12:00 hs (sin excepciones). \u00bfQui\u00e9nes pueden acreditarse?Podr\u00e1n acreditarse todos los periodistas o&#8230;<\/p>\n","protected":false},"author":3,"featured_media":0,"parent":0,"menu_order":0,"comment_status":"closed","ping_status":"closed","template":"","meta":{"footnotes":""},"class_list":["post-4374","page","type-page","status-publish","hentry"],"featured_image_src":null,"yoast_head":"<!-- This site is optimized with the Yoast SEO Premium plugin v23.3 (Yoast SEO v27.2) - https:\/\/yoast.com\/product\/yoast-seo-premium-wordpress\/ -->\n<title>Acreditaci\u00f3n de Prensa -<\/title>\n<meta name=\"robots\" content=\"index, follow, max-snippet:-1, max-image-preview:large, max-video-preview:-1\" \/>\n<link rel=\"canonical\" href=\"https:\/\/lpfparana.com.ar\/inicio\/acreditacion-de-prensa\/\" \/>\n<meta property=\"og:locale\" content=\"es_ES\" \/>\n<meta property=\"og:type\" content=\"article\" \/>\n<meta property=\"og:title\" content=\"Acreditaci\u00f3n de Prensa\" \/>\n<meta property=\"og:description\" content=\"Apertura de Acreditaciones de Prensa Informamos a todos los medios de comunicaci\u00f3n que ya est\u00e1n abiertas las acreditaciones para la cobertura de la Copa de la Liga &#8211; 2025. Per\u00edodo de acreditaci\u00f3n:Desde el 25 de marzo hasta el 14 de abril a las 12:00 hs (sin excepciones). \u00bfQui\u00e9nes pueden acreditarse?Podr\u00e1n acreditarse todos los periodistas o...\" \/>\n<meta property=\"og:url\" content=\"https:\/\/lpfparana.com.ar\/inicio\/acreditacion-de-prensa\/\" \/>\n<meta property=\"article:modified_time\" content=\"2025-03-25T20:40:26+00:00\" \/>\n<meta property=\"og:image\" content=\"https:\/\/lpfparana.com.ar\/inicio\/wp-content\/uploads\/2025\/01\/Proyecto-Copa-Tunel-Subflivial-28.png\" \/>\n\t<meta property=\"og:image:width\" content=\"1286\" \/>\n\t<meta property=\"og:image:height\" content=\"1430\" \/>\n\t<meta property=\"og:image:type\" content=\"image\/png\" \/>\n<meta name=\"twitter:card\" content=\"summary_large_image\" \/>\n<meta name=\"twitter:label1\" content=\"Tiempo de lectura\" \/>\n\t<meta name=\"twitter:data1\" content=\"2 minutos\" \/>\n<script type=\"application\/ld+json\" class=\"yoast-schema-graph\">{\"@context\":\"https:\/\/schema.org\",\"@graph\":[{\"@type\":\"WebPage\",\"@id\":\"https:\/\/lpfparana.com.ar\/inicio\/acreditacion-de-prensa\/\",\"url\":\"https:\/\/lpfparana.com.ar\/inicio\/acreditacion-de-prensa\/\",\"name\":\"Acreditaci\u00f3n de Prensa -\",\"isPartOf\":{\"@id\":\"https:\/\/lpfparana.com.ar\/inicio\/#website\"},\"primaryImageOfPage\":{\"@id\":\"https:\/\/lpfparana.com.ar\/inicio\/acreditacion-de-prensa\/#primaryimage\"},\"image\":{\"@id\":\"https:\/\/lpfparana.com.ar\/inicio\/acreditacion-de-prensa\/#primaryimage\"},\"thumbnailUrl\":\"https:\/\/lpfparana.com.ar\/inicio\/wp-content\/uploads\/2025\/03\/LOGO-LPF-NEGRO-03-300x150.png\",\"datePublished\":\"2025-01-04T13:53:24+00:00\",\"dateModified\":\"2025-03-25T20:40:26+00:00\",\"breadcrumb\":{\"@id\":\"https:\/\/lpfparana.com.ar\/inicio\/acreditacion-de-prensa\/#breadcrumb\"},\"inLanguage\":\"es\",\"potentialAction\":[{\"@type\":\"ReadAction\",\"target\":[\"https:\/\/lpfparana.com.ar\/inicio\/acreditacion-de-prensa\/\"]}]},{\"@type\":\"ImageObject\",\"inLanguage\":\"es\",\"@id\":\"https:\/\/lpfparana.com.ar\/inicio\/acreditacion-de-prensa\/#primaryimage\",\"url\":\"https:\/\/lpfparana.com.ar\/inicio\/wp-content\/uploads\/2025\/03\/LOGO-LPF-NEGRO-03.png\",\"contentUrl\":\"https:\/\/lpfparana.com.ar\/inicio\/wp-content\/uploads\/2025\/03\/LOGO-LPF-NEGRO-03.png\",\"width\":500,\"height\":250},{\"@type\":\"BreadcrumbList\",\"@id\":\"https:\/\/lpfparana.com.ar\/inicio\/acreditacion-de-prensa\/#breadcrumb\",\"itemListElement\":[{\"@type\":\"ListItem\",\"position\":1,\"name\":\"Portada\",\"item\":\"https:\/\/lpfparana.com.ar\/inicio\/\"},{\"@type\":\"ListItem\",\"position\":2,\"name\":\"Acreditaci\u00f3n de Prensa\"}]},{\"@type\":\"WebSite\",\"@id\":\"https:\/\/lpfparana.com.ar\/inicio\/#website\",\"url\":\"https:\/\/lpfparana.com.ar\/inicio\/\",\"name\":\"\",\"description\":\"LPF Paran\u00e1\",\"potentialAction\":[{\"@type\":\"SearchAction\",\"target\":{\"@type\":\"EntryPoint\",\"urlTemplate\":\"https:\/\/lpfparana.com.ar\/inicio\/?s={search_term_string}\"},\"query-input\":{\"@type\":\"PropertyValueSpecification\",\"valueRequired\":true,\"valueName\":\"search_term_string\"}}],\"inLanguage\":\"es\"}]}<\/script>\n<!-- \/ Yoast SEO Premium plugin. -->","yoast_head_json":{"title":"Acreditaci\u00f3n de Prensa -","robots":{"index":"index","follow":"follow","max-snippet":"max-snippet:-1","max-image-preview":"max-image-preview:large","max-video-preview":"max-video-preview:-1"},"canonical":"https:\/\/lpfparana.com.ar\/inicio\/acreditacion-de-prensa\/","og_locale":"es_ES","og_type":"article","og_title":"Acreditaci\u00f3n de Prensa","og_description":"Apertura de Acreditaciones de Prensa Informamos a todos los medios de comunicaci\u00f3n que ya est\u00e1n abiertas las acreditaciones para la cobertura de la Copa de la Liga &#8211; 2025. Per\u00edodo de acreditaci\u00f3n:Desde el 25 de marzo hasta el 14 de abril a las 12:00 hs (sin excepciones). \u00bfQui\u00e9nes pueden acreditarse?Podr\u00e1n acreditarse todos los periodistas o...","og_url":"https:\/\/lpfparana.com.ar\/inicio\/acreditacion-de-prensa\/","article_modified_time":"2025-03-25T20:40:26+00:00","og_image":[{"width":1286,"height":1430,"url":"https:\/\/lpfparana.com.ar\/inicio\/wp-content\/uploads\/2025\/01\/Proyecto-Copa-Tunel-Subflivial-28.png","type":"image\/png"}],"twitter_card":"summary_large_image","twitter_misc":{"Tiempo de lectura":"2 minutos"},"schema":{"@context":"https:\/\/schema.org","@graph":[{"@type":"WebPage","@id":"https:\/\/lpfparana.com.ar\/inicio\/acreditacion-de-prensa\/","url":"https:\/\/lpfparana.com.ar\/inicio\/acreditacion-de-prensa\/","name":"Acreditaci\u00f3n de Prensa -","isPartOf":{"@id":"https:\/\/lpfparana.com.ar\/inicio\/#website"},"primaryImageOfPage":{"@id":"https:\/\/lpfparana.com.ar\/inicio\/acreditacion-de-prensa\/#primaryimage"},"image":{"@id":"https:\/\/lpfparana.com.ar\/inicio\/acreditacion-de-prensa\/#primaryimage"},"thumbnailUrl":"https:\/\/lpfparana.com.ar\/inicio\/wp-content\/uploads\/2025\/03\/LOGO-LPF-NEGRO-03-300x150.png","datePublished":"2025-01-04T13:53:24+00:00","dateModified":"2025-03-25T20:40:26+00:00","breadcrumb":{"@id":"https:\/\/lpfparana.com.ar\/inicio\/acreditacion-de-prensa\/#breadcrumb"},"inLanguage":"es","potentialAction":[{"@type":"ReadAction","target":["https:\/\/lpfparana.com.ar\/inicio\/acreditacion-de-prensa\/"]}]},{"@type":"ImageObject","inLanguage":"es","@id":"https:\/\/lpfparana.com.ar\/inicio\/acreditacion-de-prensa\/#primaryimage","url":"https:\/\/lpfparana.com.ar\/inicio\/wp-content\/uploads\/2025\/03\/LOGO-LPF-NEGRO-03.png","contentUrl":"https:\/\/lpfparana.com.ar\/inicio\/wp-content\/uploads\/2025\/03\/LOGO-LPF-NEGRO-03.png","width":500,"height":250},{"@type":"BreadcrumbList","@id":"https:\/\/lpfparana.com.ar\/inicio\/acreditacion-de-prensa\/#breadcrumb","itemListElement":[{"@type":"ListItem","position":1,"name":"Portada","item":"https:\/\/lpfparana.com.ar\/inicio\/"},{"@type":"ListItem","position":2,"name":"Acreditaci\u00f3n de Prensa"}]},{"@type":"WebSite","@id":"https:\/\/lpfparana.com.ar\/inicio\/#website","url":"https:\/\/lpfparana.com.ar\/inicio\/","name":"","description":"LPF Paran\u00e1","potentialAction":[{"@type":"SearchAction","target":{"@type":"EntryPoint","urlTemplate":"https:\/\/lpfparana.com.ar\/inicio\/?s={search_term_string}"},"query-input":{"@type":"PropertyValueSpecification","valueRequired":true,"valueName":"search_term_string"}}],"inLanguage":"es"}]}},"_links":{"self":[{"href":"https:\/\/lpfparana.com.ar\/inicio\/wp-json\/wp\/v2\/pages\/4374","targetHints":{"allow":["GET"]}}],"collection":[{"href":"https:\/\/lpfparana.com.ar\/inicio\/wp-json\/wp\/v2\/pages"}],"about":[{"href":"https:\/\/lpfparana.com.ar\/inicio\/wp-json\/wp\/v2\/types\/page"}],"author":[{"embeddable":true,"href":"https:\/\/lpfparana.com.ar\/inicio\/wp-json\/wp\/v2\/users\/3"}],"replies":[{"embeddable":true,"href":"https:\/\/lpfparana.com.ar\/inicio\/wp-json\/wp\/v2\/comments?post=4374"}],"version-history":[{"count":114,"href":"https:\/\/lpfparana.com.ar\/inicio\/wp-json\/wp\/v2\/pages\/4374\/revisions"}],"predecessor-version":[{"id":4987,"href":"https:\/\/lpfparana.com.ar\/inicio\/wp-json\/wp\/v2\/pages\/4374\/revisions\/4987"}],"wp:attachment":[{"href":"https:\/\/lpfparana.com.ar\/inicio\/wp-json\/wp\/v2\/media?parent=4374"}],"curies":[{"name":"wp","href":"https:\/\/api.w.org\/{rel}","templated":true}]}}